{"id":7,"date":"2014-10-04T20:48:47","date_gmt":"2014-10-04T20:48:47","guid":{"rendered":"http:\/\/rdposteopata.wordpress.com\/?page_id=1"},"modified":"2024-03-05T14:35:07","modified_gmt":"2024-03-05T14:35:07","slug":"que-hacemos","status":"publish","type":"page","link":"https:\/\/rdposteopata.com\/index.php\/que-hacemos\/","title":{"rendered":"Qu\u00e9 hacemos"},"content":{"rendered":"<p class=\"wb-stl-footer\" style=\"text-align: justify;\">Hay un hecho cierto, y es que cuerpo solo tenemos uno desde que nacemos hasta que morimos, es nuestra obligaci\u00f3n mantenerlo en las mejores condiciones posibles con el objetivo de que nos sea practico y util durante toda la vida; pero a veces no basta con el empe\u00f1o que nosotros ponemos en cuidarlo, hay factores externos que afectan e influyen sobre nosotros y que tienen una repercusi\u00f3n a nivel fisico y emocional.<\/p>\n<p class=\"wb-stl-footer\" style=\"text-align: justify;\">Por suerte disponemos de herramientas para ayudarnos en el mantenimiento y para solucionar esos desajustes externos.<\/p>\n<p class=\"wb-stl-footer\" style=\"text-align: justify;\">Yo pongo a vuestra disposici\u00f3n algunas de esas herramientas, en concreto dos con las cuales yo me siento orgulloso de poder trabajar; la Osteopat\u00eda y la Homeopat\u00eda<\/p>\n<div id=\"wb_element_instance9\" class=\"wb_element\" style=\"text-align: justify;\">\n<h1 class=\"wb-stl-heading1\"><a href=\"http:\/\/rdposteopata.com\/wp-content\/uploads\/2015\/10\/MG_8761.jpg\"><img loading=\"lazy\" decoding=\"async\" class=\" wp-image-581 alignleft\" src=\"http:\/\/rdposteopata.com\/wp-content\/uploads\/2015\/10\/MG_8761-300x200.jpg\" alt=\"Masaje.RdP.Osteopata.Madrid\" width=\"198\" height=\"132\" srcset=\"https:\/\/rdposteopata.com\/wp-content\/uploads\/2015\/10\/MG_8761-300x200.jpg 300w, https:\/\/rdposteopata.com\/wp-content\/uploads\/2015\/10\/MG_8761-768x512.jpg 768w, https:\/\/rdposteopata.com\/wp-content\/uploads\/2015\/10\/MG_8761.jpg 800w\" sizes=\"(max-width: 198px) 100vw, 198px\" \/><\/a><a href=\"http:\/\/rdposteopata.com\/osteopatia\/\">\u00a0\u00a0\u00a0\u00a0\u00a0\u00a0 \u00bfPor qu\u00e9 Osteopat\u00eda?<\/a><\/h1>\n<\/div>\n<div id=\"wb_element_instance10\" class=\"wb_element\">\n<p class=\"wb-stl-footer\">En un mundo donde todo es artifical, viene envasado y la salud se intenta recuperar y mantener con medicamentos qu\u00edmicos, a\u00fan queda quien recuerda que el cuerpo es capaz de curarse a s\u00ed mismo si somos capaces de darle ese peque\u00f1o empuj\u00f3n que necesita.<\/p>\n<p class=\"wb-stl-footer\">Ese empuj\u00f3n, puede ser la Osteopat\u00eda&#8230;.. \u00bb ubi est\u00a0 motus , vita est\u00bb, donde hay movimiento, hay vida.<\/p>\n<div id=\"wb_element_instance12\" class=\"wb_element\"><\/div>\n<div id=\"wb_element_instance13\" class=\"wb_element\" style=\"text-align: justify;\">\n<h1 class=\"wb-stl-heading1\"><a href=\"http:\/\/rdposteopata.com\/homeopatia\/\">\u00a0\u00a0\u00a0\u00a0\u00a0\u00a0\u00a0 <\/a><\/h1>\n<\/div>\n<div id=\"wb_element_instance14\" class=\"wb_element\" style=\"text-align: justify;\"><\/div>\n<\/div>\n","protected":false},"excerpt":{"rendered":"<p>Hay un hecho cierto, y es que cuerpo solo tenemos uno desde que nacemos hasta que morimos, es nuestra obligaci\u00f3n mantenerlo en las mejores condiciones posibles con el objetivo de&hellip;<a href=\"https:\/\/rdposteopata.com\/index.php\/que-hacemos\/\" class=\"more-link\"><span class=\"more-button\">Continue reading<span class=\"screen-reader-text\">Qu\u00e9 hacemos<\/span><\/span><\/a><\/p>\n","protected":false},"author":1,"featured_media":602,"parent":0,"menu_order":0,"comment_status":"open","ping_status":"open","template":"","meta":{"footnotes":""},"_links":{"self":[{"href":"https:\/\/rdposteopata.com\/index.php\/wp-json\/wp\/v2\/pages\/7"}],"collection":[{"href":"https:\/\/rdposteopata.com\/index.php\/wp-json\/wp\/v2\/pages"}],"about":[{"href":"https:\/\/rdposteopata.com\/index.php\/wp-json\/wp\/v2\/types\/page"}],"author":[{"embeddable":true,"href":"https:\/\/rdposteopata.com\/index.php\/wp-json\/wp\/v2\/users\/1"}],"replies":[{"embeddable":true,"href":"https:\/\/rdposteopata.com\/index.php\/wp-json\/wp\/v2\/comments?post=7"}],"version-history":[{"count":1,"href":"https:\/\/rdposteopata.com\/index.php\/wp-json\/wp\/v2\/pages\/7\/revisions"}],"predecessor-version":[{"id":1243,"href":"https:\/\/rdposteopata.com\/index.php\/wp-json\/wp\/v2\/pages\/7\/revisions\/1243"}],"wp:featuredmedia":[{"embeddable":true,"href":"https:\/\/rdposteopata.com\/index.php\/wp-json\/wp\/v2\/media\/602"}],"wp:attachment":[{"href":"https:\/\/rdposteopata.com\/index.php\/wp-json\/wp\/v2\/media?parent=7"}],"curies":[{"name":"wp","href":"https:\/\/api.w.org\/{rel}","templated":true}]}}