{"id":580,"date":"2015-10-17T12:48:29","date_gmt":"2015-10-17T12:48:29","guid":{"rendered":"http:\/\/rdposteopata.com\/?page_id=580"},"modified":"2015-10-17T12:48:29","modified_gmt":"2015-10-17T12:48:29","slug":"sesion-osteopatica","status":"publish","type":"page","link":"https:\/\/rdposteopata.com\/index.php\/sesion-osteopatica\/","title":{"rendered":"Sesi\u00f3n Osteopatica"},"content":{"rendered":"<p style=\"text-align: justify;\">Mis sesiones duran apr\u00f3ximamente unos 45 minutos y siempre son individuales, excepto en los casos de Osteopat\u00eda Pedi\u00e1trica que el ni\u00f1o o ni\u00f1a estar\u00e1 acompa\u00f1ado de uno de los padres.<br \/>\nEn la primera sesi\u00f3n, hacemos un historial con los datos personales, antecedentes, s\u00edntomas. Seguido, se hace la valoraci\u00f3n, donde incluimos algunos test para eliminar riesgos y valorar posibles diagn\u00f3sticos de otros profesionales.<br \/>\nCon cada paciente se emplean la t\u00e9cnicas que sean necesarias y se consideren m\u00e1s apropiadas a su dolencia, con lo cual, cada sesi\u00f3n de Osteopat\u00eda es \u00fanica y diferente con cada paciente. <a href=\"http:\/\/rdposteopata.com\/wp-content\/uploads\/2015\/10\/MG_8761.jpg\"><img loading=\"lazy\" decoding=\"async\" class=\"size-medium wp-image-581 alignright\" src=\"http:\/\/rdposteopata.com\/wp-content\/uploads\/2015\/10\/MG_8761-300x200.jpg\" alt=\"Masaje.RdP.Osteopata.Madrid\" width=\"300\" height=\"200\" srcset=\"https:\/\/rdposteopata.com\/wp-content\/uploads\/2015\/10\/MG_8761-300x200.jpg 300w, https:\/\/rdposteopata.com\/wp-content\/uploads\/2015\/10\/MG_8761-768x512.jpg 768w, https:\/\/rdposteopata.com\/wp-content\/uploads\/2015\/10\/MG_8761.jpg 800w\" sizes=\"(max-width: 300px) 100vw, 300px\" \/><\/a><br \/>\nLa eficacia de las sesiones se puede observar desde la primera de ellas, y el ritmo y periodicidad ir\u00e1n marcados por la evoluci\u00f3n de cada paciente; dejando de tres a cuatro semanas de espacio entre cada sesi\u00f3n donde hayamos hecho alg\u00fan tipo de correcci\u00f3n, pudiendo entre medias tener sesiones donde se utilizaran otras t\u00e9cnicas para ayudar al proceso de mejora. T\u00e9cnicas como Acupuntura, Tratamiento del Dolor Miofascial, son muy efectivas en la recuperaci\u00f3n de lesiones.<br \/>\nSiempre se aconseja al paciente reposo despu\u00e9s de las sesiones, con el fin de ayudar al cuerpo a adaptarse al nuevo cambio que hemos producido; pudiendo el paciente sentir agujetas, procesos de depuraci\u00f3n como fiebre o sensaci\u00f3n de cansancio.<\/p>\n","protected":false},"excerpt":{"rendered":"<p>Mis sesiones duran apr\u00f3ximamente unos 45 minutos y siempre son individuales, excepto en los casos de Osteopat\u00eda Pedi\u00e1trica que el ni\u00f1o o ni\u00f1a estar\u00e1 acompa\u00f1ado de uno de los padres.&hellip;<a href=\"https:\/\/rdposteopata.com\/index.php\/sesion-osteopatica\/\" class=\"more-link\"><span class=\"more-button\">Continue reading<span class=\"screen-reader-text\">Sesi\u00f3n Osteopatica<\/span><\/span><\/a><\/p>\n","protected":false},"author":1,"featured_media":0,"parent":0,"menu_order":0,"comment_status":"closed","ping_status":"closed","template":"","meta":{"footnotes":""},"_links":{"self":[{"href":"https:\/\/rdposteopata.com\/index.php\/wp-json\/wp\/v2\/pages\/580"}],"collection":[{"href":"https:\/\/rdposteopata.com\/index.php\/wp-json\/wp\/v2\/pages"}],"about":[{"href":"https:\/\/rdposteopata.com\/index.php\/wp-json\/wp\/v2\/types\/page"}],"author":[{"embeddable":true,"href":"https:\/\/rdposteopata.com\/index.php\/wp-json\/wp\/v2\/users\/1"}],"replies":[{"embeddable":true,"href":"https:\/\/rdposteopata.com\/index.php\/wp-json\/wp\/v2\/comments?post=580"}],"version-history":[{"count":0,"href":"https:\/\/rdposteopata.com\/index.php\/wp-json\/wp\/v2\/pages\/580\/revisions"}],"wp:attachment":[{"href":"https:\/\/rdposteopata.com\/index.php\/wp-json\/wp\/v2\/media?parent=580"}],"curies":[{"name":"wp","href":"https:\/\/api.w.org\/{rel}","templated":true}]}}