{"id":131,"date":"2014-11-19T17:40:39","date_gmt":"2014-11-19T17:40:39","guid":{"rendered":"http:\/\/www.rdposteopata.com\/wordpress\/?page_id=131"},"modified":"2024-03-05T14:37:14","modified_gmt":"2024-03-05T14:37:14","slug":"osteopatia-visceral","status":"publish","type":"page","link":"https:\/\/rdposteopata.com\/index.php\/osteopatia-visceral\/","title":{"rendered":"Osteopat\u00eda Visceral"},"content":{"rendered":"<p style=\"text-align: justify;\"><strong>A trav\u00e9s de osteopat\u00eda visceral, podemos ver la relaci\u00f3n existente entre cualquier lesi\u00f3n estructural y como afecta a esta en el sistema visceral o viceversa. Las v\u00edsceras y los \u00f3rganos realizan variadas y complejas funciones, pero para ello es indispensable que su buen funcionamiento se vea acompa\u00f1ado por una buena movilidad entre ellas, cada una respetando su espacio sin invadir al de su v\u00edscera vecina.<a href=\"http:\/\/rdposteopata.com\/wp-content\/uploads\/2014\/11\/Organos-del-abd\u00f3men.Osteopata-Madrid.jpg\"><img loading=\"lazy\" decoding=\"async\" class=\"size-medium wp-image-611 alignright\" src=\"http:\/\/rdposteopata.com\/wp-content\/uploads\/2014\/11\/Organos-del-abd\u00f3men.Osteopata-Madrid-144x300.jpg\" alt=\"Organos del abd\u00f3men.Osteopata Madrid\" width=\"144\" height=\"300\" srcset=\"https:\/\/rdposteopata.com\/wp-content\/uploads\/2014\/11\/Organos-del-abd\u00f3men.Osteopata-Madrid-144x300.jpg 144w, https:\/\/rdposteopata.com\/wp-content\/uploads\/2014\/11\/Organos-del-abd\u00f3men.Osteopata-Madrid-491x1024.jpg 491w, https:\/\/rdposteopata.com\/wp-content\/uploads\/2014\/11\/Organos-del-abd\u00f3men.Osteopata-Madrid.jpg 600w\" sizes=\"(max-width: 144px) 100vw, 144px\" \/><\/a><\/strong><\/p>\n<p style=\"text-align: justify;\">Es normal encontrar pacientes que llegan a consulta con una dolencia en la espalda donde todas las pruebas radiol\u00f3gicas son negativas (todo es correcto) y tiene una columna totalmente sana, sin embargo la molestia persiste desde hace bastante tiempo e incluso a\u00f1os. tras un primer examen osteop\u00e1tico detectamos una disfunci\u00f3n visceral. Cuando un organo \/ visvera se queda fijado, se bloquea\u00a0 no siendo capaz de reproducir su movimiento de ascenso y descenso. Pues bien, al lesionarse de esta manera, presiona contra los musculos que lo rodean produciendo una reaccion en cadena, que fija la lesion y genera otras por compensaci\u00f3n.<br \/>\nUna fijaci\u00f3n visceral no tratada produce, poco a poco, un bloqueo vertebral que a su vez mantiene la lesi\u00f3n visceral, mediante un arco reflejo, o viceversa. De tal modo que puede ser la responsable de mantener una lesi\u00f3n en la columna vertebral por fijaci\u00f3n, y esta no corregirse hasta tratar la lesi\u00f3n visceral. De igual forma, una fijaci\u00f3n visceral puede producir una lesi\u00f3n en cervicales, debido a las relaciones existentes, creando una tensi\u00f3n en cadena hasta llegar a la musculatura cervical. Es muy normal relacionar lesiones de hombro derecho con una fijaci\u00f3n baja de h\u00edgado o una molestia de hombro izquierdo con fijaciones en est\u00f3mago. Lesiones en rodilla de mujeres por fijaciones de vejiga o \u00fatero, que comprimen al nervio correspondiente (genitocrural) que va a tener inervaci\u00f3n en la cara interna de la rodilla. Incluso llegar a ser estas fijaciones las responsables de crear escoliosis en una persona, por tensiones internas que pueden modificar la estructura de la columna.<br \/>\nLas lumbalgias o cervicalgias de origen visceral son muy conocidas en el campo osteop\u00e1tico, de hecho son motivo de muchas consultas. Campo desconocido o ignorado por la medicina tradicional, en el que muchos de sus pacientes son diagnosticados de patolog\u00eda de origen desconocida. Una gran parte de lumbalgias y cervicalgias se deben a problemas viscerales. Donde solamente un oste\u00f3pata cualificado en esta t\u00e9cnica podr\u00e1 detectar y resolver f\u00e1cilmente estos problemas.<br \/>\nEste tipo de terapia esta muy indicada despu\u00e9s de las operaciones, como terapia adicional complementaria. Sobre todo por problemas de cicatrizaciones post-quir\u00fargicas por el riesgo a adherencias de la propia cicatriz.<\/p>\n","protected":false},"excerpt":{"rendered":"<p>A trav\u00e9s de osteopat\u00eda visceral, podemos ver la relaci\u00f3n existente entre cualquier lesi\u00f3n estructural y como afecta a esta en el sistema visceral o viceversa. Las v\u00edsceras y los \u00f3rganos&hellip;<a href=\"https:\/\/rdposteopata.com\/index.php\/osteopatia-visceral\/\" class=\"more-link\"><span class=\"more-button\">Continue reading<span class=\"screen-reader-text\">Osteopat\u00eda Visceral<\/span><\/span><\/a><\/p>\n","protected":false},"author":1,"featured_media":0,"parent":0,"menu_order":0,"comment_status":"closed","ping_status":"open","template":"","meta":{"footnotes":""},"_links":{"self":[{"href":"https:\/\/rdposteopata.com\/index.php\/wp-json\/wp\/v2\/pages\/131"}],"collection":[{"href":"https:\/\/rdposteopata.com\/index.php\/wp-json\/wp\/v2\/pages"}],"about":[{"href":"https:\/\/rdposteopata.com\/index.php\/wp-json\/wp\/v2\/types\/page"}],"author":[{"embeddable":true,"href":"https:\/\/rdposteopata.com\/index.php\/wp-json\/wp\/v2\/users\/1"}],"replies":[{"embeddable":true,"href":"https:\/\/rdposteopata.com\/index.php\/wp-json\/wp\/v2\/comments?post=131"}],"version-history":[{"count":1,"href":"https:\/\/rdposteopata.com\/index.php\/wp-json\/wp\/v2\/pages\/131\/revisions"}],"predecessor-version":[{"id":1247,"href":"https:\/\/rdposteopata.com\/index.php\/wp-json\/wp\/v2\/pages\/131\/revisions\/1247"}],"wp:attachment":[{"href":"https:\/\/rdposteopata.com\/index.php\/wp-json\/wp\/v2\/media?parent=131"}],"curies":[{"name":"wp","href":"https:\/\/api.w.org\/{rel}","templated":true}]}}