{"id":1224,"date":"2024-03-05T14:09:27","date_gmt":"2024-03-05T14:09:27","guid":{"rendered":"https:\/\/rdposteopata.com\/?page_id=1224"},"modified":"2024-03-05T14:37:32","modified_gmt":"2024-03-05T14:37:32","slug":"quiromasaje","status":"publish","type":"page","link":"https:\/\/rdposteopata.com\/index.php\/quiromasaje\/","title":{"rendered":"Quiromasaje"},"content":{"rendered":"\n<p><strong>El quiromasaje<\/strong> es una t\u00e9cnica o bien, mejor dicho, un conjunto de t\u00e9cnicas las que son empleadas por un terapeuta con el prop\u00f3sito de manipular los  musculos, ligamentos, tendones, fascias y tejido conjuntivo con el prop\u00f3sito de calmar dolores. eliminar tensiones, contracturas&#8230;tendinitis; afectacion de puntos gatillo&#8230;<\/p>\n\n\n\n<p>El quiromasaje tambien trabaja sobre el sistema circulatorio y el sistema linf\u00e1tico, ayudando a la supresi\u00f3n de substancias de desecho y en consecuencia, suprimir el malestar general, si bien esto no es com\u00fan.<\/p>\n\n\n\n<p>El quiromasaje es un procedimiento seguro, pero como todo g\u00e9nero de terapia tiene ciertas contraindicaciones, estas son exactamente las mismas que hay para todo g\u00e9nero de masajes.<\/p>\n\n\n\n<p>Como su nombre indica, se refieren a <strong>aquellos casos<\/strong> en los que, de una forma parcial o total, <strong>no conviene efectuar masaje<\/strong>. Vamos a proceder a mencionar las&nbsp;<strong>contraindicaciones<\/strong>&nbsp;m\u00e1s importantes:<\/p>\n\n\n\n<div class=\"wp-block-group is-layout-constrained wp-block-group-is-layout-constrained\"><div class=\"wp-block-group__inner-container\">\n<ul>\n<li>Durante los tres primeros meses del&nbsp;embarazo&nbsp;(despu\u00e9s, con&nbsp;prescripci\u00f3n m\u00e9dica).<\/li>\n\n\n\n<li>Enfermedades infecciosas de la&nbsp;piel&nbsp;(p.e.:&nbsp;hongos,&nbsp;lupus&nbsp;o LES) y otras no infecciosas generalizadas (p.e.:&nbsp;dermatitis&nbsp;al\u00e9rgica). \u00dalceras por dec\u00fabito y&nbsp;quemaduras.<\/li>\n\n\n\n<li>Enfermedades vasculares inflamatorias (p.e.:&nbsp;flebitis), inflamaciones de los&nbsp;ganglios linf\u00e1ticos&nbsp;y cadenas ganglionares. Debilidad vascular y retenciones circulatorias graves.<\/li>\n\n\n\n<li>Trombosis y&nbsp;embolia&nbsp;arterial, por riesgo de embolismo pulmonar o de otros tejidos del organismo,&nbsp;venas&nbsp;varicosas avanzadas y en&nbsp;cardiopat\u00edas&nbsp;en general (p.e.: taquicardias, hipertensi\u00f3n arterial).<\/li>\n\n\n\n<li>Hematomas&nbsp;recientes,&nbsp;hemorragias,&nbsp;heridas&nbsp;sin cicatrizar,&nbsp;esguinces&nbsp;agudos, contusiones de importancia, edemas agudos, derrames articulares.<\/li>\n\n\n\n<li>Fibrosis y enfermedades musculares degenerativas.<\/li>\n\n\n\n<li>Enfermedades reum\u00e1ticas agudas.<\/li>\n\n\n\n<li>Problemas&nbsp;renales&nbsp;en fase aguda. C\u00e1lculos de&nbsp;ri\u00f1\u00f3n, ves\u00edcula en fase de expulsi\u00f3n.<\/li>\n\n\n\n<li>Rotura o desgarros de&nbsp;m\u00fasculos, vainas,&nbsp;tendones,&nbsp;ligamentos.<\/li>\n\n\n\n<li>Enfermedades del\u00a0Sistema nervioso: Lesiones de las v\u00edas piramidales. Pacientes con cuadros de compresi\u00f3n nerviosa.<\/li>\n<\/ul>\n\n\n\n<p>Aparte del Quiromasaje que tiene un enfoque mas terapeutico, podras encontrar otros tipos de masaje beneficiosos para tu salud:<\/p>\n\n\n\n<ul>\n<li><strong>Masaje relajante<\/strong>: cuya finalidad es relajar. No se trabajan las contracturas, tiene un efecto neurosedante, alivia tensiones f\u00edsicas, emocionales y el agotamiento.<\/li>\n\n\n\n<li><strong>Masaje descontracturante<\/strong>: en el que se trabajan los m\u00fasculos para eliminar esas contracturas que se han ido produciendo. En este masaje la presi\u00f3n e intensidad es mayor, pudiendo ser en ocasiones un poco doloroso, por las propias contracturas.<\/li>\n\n\n\n<li><strong>Masaje circulatorio:<\/strong> como su propio nombre indica, favorece la circulaci\u00f3n de retorno, por lo que ayuda a las personas con circulaci\u00f3n deficiente y con varices a notar m\u00e1s ligereza y eliminar edema.<\/li>\n\n\n\n<li><strong>Masaje de drenaje linf\u00e1tico:<\/strong> es un masaje suave que favorece la eliminaci\u00f3n del organismo de las toxinas y sustancias de deshecho.<\/li>\n\n\n\n<li><strong>Masaje deportivo:<\/strong> su prop\u00f3sito es preparar a los m\u00fasculos antes de la competici\u00f3n, oxigenando y aportando flexibilidad.<\/li>\n<\/ul>\n\n\n\n<p>Recuerda que siempre puedes consultar con tu terapeuta cual o cuales son tus dolencias o necesidades y asi poder valorar en cada sesion que tipo de masaje o terapia aplicar.<\/p>\n<\/div><\/div>\n","protected":false},"excerpt":{"rendered":"<p>El quiromasaje es una t\u00e9cnica o bien, mejor dicho, un conjunto de t\u00e9cnicas las que son empleadas por un terapeuta con el prop\u00f3sito de manipular los musculos, ligamentos, tendones, fascias&hellip;<a href=\"https:\/\/rdposteopata.com\/index.php\/quiromasaje\/\" class=\"more-link\"><span class=\"more-button\">Continue reading<span class=\"screen-reader-text\">Quiromasaje<\/span><\/span><\/a><\/p>\n","protected":false},"author":1,"featured_media":1230,"parent":0,"menu_order":0,"comment_status":"closed","ping_status":"closed","template":"","meta":{"footnotes":""},"_links":{"self":[{"href":"https:\/\/rdposteopata.com\/index.php\/wp-json\/wp\/v2\/pages\/1224"}],"collection":[{"href":"https:\/\/rdposteopata.com\/index.php\/wp-json\/wp\/v2\/pages"}],"about":[{"href":"https:\/\/rdposteopata.com\/index.php\/wp-json\/wp\/v2\/types\/page"}],"author":[{"embeddable":true,"href":"https:\/\/rdposteopata.com\/index.php\/wp-json\/wp\/v2\/users\/1"}],"replies":[{"embeddable":true,"href":"https:\/\/rdposteopata.com\/index.php\/wp-json\/wp\/v2\/comments?post=1224"}],"version-history":[{"count":1,"href":"https:\/\/rdposteopata.com\/index.php\/wp-json\/wp\/v2\/pages\/1224\/revisions"}],"predecessor-version":[{"id":1225,"href":"https:\/\/rdposteopata.com\/index.php\/wp-json\/wp\/v2\/pages\/1224\/revisions\/1225"}],"wp:featuredmedia":[{"embeddable":true,"href":"https:\/\/rdposteopata.com\/index.php\/wp-json\/wp\/v2\/media\/1230"}],"wp:attachment":[{"href":"https:\/\/rdposteopata.com\/index.php\/wp-json\/wp\/v2\/media?parent=1224"}],"curies":[{"name":"wp","href":"https:\/\/api.w.org\/{rel}","templated":true}]}}