{"id":120,"date":"2014-11-19T17:32:22","date_gmt":"2014-11-19T17:32:22","guid":{"rendered":"http:\/\/www.rdposteopata.com\/wordpress\/?page_id=120"},"modified":"2024-03-05T14:36:32","modified_gmt":"2024-03-05T14:36:32","slug":"osteopatia-estructural","status":"publish","type":"page","link":"https:\/\/rdposteopata.com\/index.php\/osteopatia-estructural\/","title":{"rendered":"Osteopat\u00eda Estructural"},"content":{"rendered":"<p style=\"text-align: justify;\">Es la t\u00e9cnica manual, y una de las ramas de la osteopat\u00eda integral, cuyo objetivo es restablecer la falta de movilidad del cuerpo y dar el equilibrio que merece el sistema musculo esquel\u00e9tico, manteniendo la elasticidad de todos los tejidos del cuerpo, que se han visto alterados por el sedentarismo, malas posiciones, esfuerzos intensos, estr\u00e9s, ca\u00eddas, etc.\u00a0Es una t\u00e9cnica manual muy precisa que requiere tanto unos conocimientos profundos de la <a href=\"http:\/\/rdposteopata.com\/wp-content\/uploads\/2015\/10\/MG_8682-copia.jpg\"><img loading=\"lazy\" decoding=\"async\" class=\" wp-image-574 alignleft\" src=\"http:\/\/rdposteopata.com\/wp-content\/uploads\/2015\/10\/MG_8682-copia-300x200.jpg\" alt=\"_MG_8682 - copia\" width=\"236\" height=\"157\" srcset=\"https:\/\/rdposteopata.com\/wp-content\/uploads\/2015\/10\/MG_8682-copia-300x200.jpg 300w, https:\/\/rdposteopata.com\/wp-content\/uploads\/2015\/10\/MG_8682-copia-768x512.jpg 768w, https:\/\/rdposteopata.com\/wp-content\/uploads\/2015\/10\/MG_8682-copia.jpg 800w\" sizes=\"(max-width: 236px) 100vw, 236px\" \/><\/a>anatom\u00eda, fisiolog\u00eda y funciones del cuerpo humano, as\u00ed como de la habilidad y destreza manual del profesional.<\/p>\n<p style=\"text-align: justify;\">\u00a0\u00a0 La Osteopat\u00eda estructural es una terapia manipulativa que act\u00faa sobre la estructura del cuerpo (esqueleto, m\u00fasculos, ligamentos y tejido conectivo) para aliviar el dolor, mejorar la movilidad y restablecer con efectividad la salud general.<\/p>\n<div id=\"wb_element_instance220\" class=\"wb_element\">\n<p style=\"text-align: justify;\">Los oste\u00f3patas creemos que el ser humano funciona como un sistema completo de trabajo y que tanto su estructura corporal, como sus \u00f3rganos, sistemas, mente y emociones se hallan todos interrelacionados, y son interdependientes entre ellos. En consecuencia, los problemas que afectan al cuerpo estructural alteran tambi\u00e9n el equilibrio del cuerpo en general (f\u00edsico, energ\u00e9tico, emocional y mental).<\/p>\n<p style=\"text-align: justify;\">De un modo similar, los problemas internos pueden revelarse en la estructura del cuerpo a medida que \u00e9ste se adapta para acomodarse a cualquier dolor, incomodidad o enfermedad. Por ejemplo, se puede padecer un dolor lumbar debido a un problema de ri\u00f1\u00f3n o ginecol\u00f3gico; o el deslizamiento de un disco intervertebral lumbar puede afectar al control de la vejiga. Manipulando la estructura del cuerpo, los oste\u00f3patas intentamos restablecer la salud en la persona, como un todo funcional.<\/p>\n<p style=\"text-align: justify;\">Buena parte de la pr\u00e1ctica osteop\u00e1tica se enfoca en aliviar la tensi\u00f3n muscular, lo cual es mucho m\u00e1s que aliviar el dolor y la rigidez. La creencia osteop\u00e1tica de que un m\u00fasculo relajado es un m\u00fasculo que funciona, se basa en el hecho fisiol\u00f3gico de que los m\u00fasculos utilizan grandes cantidades de energ\u00eda cuando se contraen. El estr\u00e9s, ya sea mental o f\u00edsico, hace que los m\u00fasculos se contraigan, malgastando energ\u00eda y haci\u00e9ndolos menos el\u00e1sticos, de modo que son m\u00e1s propensos al da\u00f1o. Tambi\u00e9n unos m\u00fasculos tensos pueden impedir la circulaci\u00f3n de la sangre y de los l\u00edquidos linf\u00e1ticos que fluyen a trav\u00e9s de ellos.<\/p>\n<p style=\"text-align: justify;\">Relajando los m\u00fasculos tensos, estos fluidos pueden circular libremente, permitiendo a la sangre transportar los nutrientes y el ox\u00edgeno all\u00e1 donde son necesarios, y dejando que la linfa retire los desechos. Con las costillas y el diafragma ocurre lo mismo, por lo que el tratamiento osteop\u00e1tico en esta zona puede mejorar las condiciones respiratorias existentes, tales como el asma y la bronquitis cr\u00f3nica.<a href=\"http:\/\/rdposteopata.com\/wp-content\/uploads\/2015\/10\/manos.jpg\"><img loading=\"lazy\" decoding=\"async\" class=\" wp-image-528 alignright\" src=\"http:\/\/rdposteopata.com\/wp-content\/uploads\/2015\/10\/manos-300x180.jpg\" alt=\"manos\" width=\"265\" height=\"159\" srcset=\"https:\/\/rdposteopata.com\/wp-content\/uploads\/2015\/10\/manos-300x180.jpg 300w, https:\/\/rdposteopata.com\/wp-content\/uploads\/2015\/10\/manos-768x462.jpg 768w, https:\/\/rdposteopata.com\/wp-content\/uploads\/2015\/10\/manos.jpg 846w\" sizes=\"(max-width: 265px) 100vw, 265px\" \/><\/a><\/p>\n<p style=\"text-align: justify;\">El sistema nervioso es el sistema m\u00e1s complejo del cuerpo. Comprende el cerebro, la m\u00e9dula espinal y millones de c\u00e9lulas nerviosas, implicadas tanto en los movimientos voluntarios como en los involuntarios, que llegan hasta cada rinc\u00f3n del organismo. Registran el dolor, el gusto, la temperatura, la vista, el sonido, y cualquier otra sensaci\u00f3n que el cuerpo humano es capaz de experimentar. Estimulan a las gl\u00e1ndulas endocrinas (tiroides, paratiroides, timo, suprarrenales, pituitaria, p\u00e1ncreas, ovarios y test\u00edculos), que son las encargadas de \u00abfabricar\u00bb las hormonas.<\/p>\n<p style=\"text-align: justify;\">Las c\u00e9lulas nerviosas tambi\u00e9n regulan la circulaci\u00f3n sangu\u00ednea, la linfa y la respiraci\u00f3n. Los beneficios de la osteopat\u00eda para la persona en su conjunto se consiguen a trav\u00e9s de las manipulaciones sobre el sistema nervioso.<\/p>\n<\/div>\n","protected":false},"excerpt":{"rendered":"<p>Es la t\u00e9cnica manual, y una de las ramas de la osteopat\u00eda integral, cuyo objetivo es restablecer la falta de movilidad del cuerpo y dar el equilibrio que merece el&hellip;<a href=\"https:\/\/rdposteopata.com\/index.php\/osteopatia-estructural\/\" class=\"more-link\"><span class=\"more-button\">Continue reading<span class=\"screen-reader-text\">Osteopat\u00eda Estructural<\/span><\/span><\/a><\/p>\n","protected":false},"author":1,"featured_media":0,"parent":0,"menu_order":0,"comment_status":"closed","ping_status":"open","template":"","meta":{"footnotes":""},"_links":{"self":[{"href":"https:\/\/rdposteopata.com\/index.php\/wp-json\/wp\/v2\/pages\/120"}],"collection":[{"href":"https:\/\/rdposteopata.com\/index.php\/wp-json\/wp\/v2\/pages"}],"about":[{"href":"https:\/\/rdposteopata.com\/index.php\/wp-json\/wp\/v2\/types\/page"}],"author":[{"embeddable":true,"href":"https:\/\/rdposteopata.com\/index.php\/wp-json\/wp\/v2\/users\/1"}],"replies":[{"embeddable":true,"href":"https:\/\/rdposteopata.com\/index.php\/wp-json\/wp\/v2\/comments?post=120"}],"version-history":[{"count":1,"href":"https:\/\/rdposteopata.com\/index.php\/wp-json\/wp\/v2\/pages\/120\/revisions"}],"predecessor-version":[{"id":1244,"href":"https:\/\/rdposteopata.com\/index.php\/wp-json\/wp\/v2\/pages\/120\/revisions\/1244"}],"wp:attachment":[{"href":"https:\/\/rdposteopata.com\/index.php\/wp-json\/wp\/v2\/media?parent=120"}],"curies":[{"name":"wp","href":"https:\/\/api.w.org\/{rel}","templated":true}]}}