{"id":116,"date":"2014-11-19T17:26:23","date_gmt":"2014-11-19T17:26:23","guid":{"rendered":"http:\/\/www.rdposteopata.com\/wordpress\/?page_id=116"},"modified":"2024-03-05T14:37:03","modified_gmt":"2024-03-05T14:37:03","slug":"osteopatia-pediatrica","status":"publish","type":"page","link":"https:\/\/rdposteopata.com\/index.php\/osteopatia-pediatrica\/","title":{"rendered":"Osteopat\u00eda Pedi\u00e1trica"},"content":{"rendered":"<p style=\"text-align: justify;\">\u00a0 La osteopat\u00eda infantil o pedi\u00e1trica puede ayudar tanto al reci\u00e9n nacido como a la madre con un tratamiento conservador en pr\u00e1cticamente todas las etapas del embarazo y principalmente, en el caso del reci\u00e9n nacido, despu\u00e9s del mismo.<\/p>\n<p style=\"text-align: justify;\">\u00a0\u00a0 El parto no es solo un proceso traum\u00e1tico para la madre, debido a los esfuerzos que debe realizar, sino tambi\u00e9n para el beb\u00e9, que debe conseguir salir a trav\u00e9s del canal del parto.<\/p>\n<p style=\"text-align: justify;\">\u00c9ste proceso es considerado traum\u00e1tico tanto para el beb\u00e9 como para la madre, tanto en un parto normal como en el parto complicado, aunque evidentemente, en el parto que requiere el uso de instrumentos, tales como ventosas o f\u00f3rceps, el trauma que ambos sufren es m\u00e1s importante.<\/p>\n<p style=\"text-align: justify;\">En condiciones normales todos estos traumas que se producen durante el parto, y que generalmente se asientan en el cr\u00e1neo del neonato, se van resolviendo a medida que el beb\u00e9 se desarrollando de manera natural.<a href=\"http:\/\/rdposteopata.com\/wp-content\/uploads\/2014\/11\/Pediatrico.RdP_.Osteopata.Madrid.jpg\"><img loading=\"lazy\" decoding=\"async\" class=\" wp-image-602 alignright\" src=\"http:\/\/rdposteopata.com\/wp-content\/uploads\/2014\/11\/Pediatrico.RdP_.Osteopata.Madrid-300x300.jpg\" alt=\"Pediatrico.RdP.Osteopata.Madrid\" width=\"274\" height=\"274\" srcset=\"https:\/\/rdposteopata.com\/wp-content\/uploads\/2014\/11\/Pediatrico.RdP_.Osteopata.Madrid-300x300.jpg 300w, https:\/\/rdposteopata.com\/wp-content\/uploads\/2014\/11\/Pediatrico.RdP_.Osteopata.Madrid-150x150.jpg 150w, https:\/\/rdposteopata.com\/wp-content\/uploads\/2014\/11\/Pediatrico.RdP_.Osteopata.Madrid-768x768.jpg 768w, https:\/\/rdposteopata.com\/wp-content\/uploads\/2014\/11\/Pediatrico.RdP_.Osteopata.Madrid-1024x1024.jpg 1024w, https:\/\/rdposteopata.com\/wp-content\/uploads\/2014\/11\/Pediatrico.RdP_.Osteopata.Madrid.jpg 1200w\" sizes=\"(max-width: 274px) 100vw, 274px\" \/><\/a><\/p>\n<p style=\"text-align: justify;\">Este proceso de remodelado, es el desarrollo natural del beb\u00e9, y por tanto es preciso que todo reci\u00e9n nacido lo realice.<\/p>\n<p style=\"text-align: justify;\">Pero este proceso natural puede presentar alteraciones, y cuando estas alteraciones se presentan pueden complicar el desarrollo natural del reci\u00e9n nacido, manifest\u00e1ndose entonces los s\u00edntomas tan caracter\u00edsticos en beb\u00e9s y lactantes, bien conocidos por los padres.<\/p>\n<p style=\"text-align: justify;\">A menudo, cuando los padres reconocen estos s\u00edntomas es cuando deciden acudir al pediatra, quien se encargar\u00e1 de diagnosticar y descartar las posibles patolog\u00edas y afecciones m\u00e9dicas m\u00e1s importantes que puede padecer el reci\u00e9n nacido, tales como infecciones, fiebre, etc.<\/p>\n<p style=\"text-align: justify;\">Pero en muchas ocasiones con el trabajo hecho correctamente por parte del pediatra, y aunque todo se encuentre dentro de la normalidad, el peque\u00f1o sigue con los mismos s\u00edntomas, incluso despu\u00e9s del tratamiento farmacol\u00f3gico.<\/p>\n<p style=\"text-align: justify;\">Estos s\u00edntomas pueden alargarse durante d\u00edas, semanas, meses e incluso a\u00f1os en el peor de los casos, sin una causa clara que les haga entender a los padres que le sucede a su beb\u00e9.<\/p>\n<p style=\"text-align: justify;\">Estas afecciones que no tienen porque ser graves patolog\u00edas m\u00e9dicas, pueden perdurar a lo largo de los a\u00f1os condicionando la vida de la persona, incluso en la edad adulta.<\/p>\n<p style=\"text-align: justify;\">Un simple dolor de cabeza, un dolor articular o visceral, el estr\u00e9s o incluso una leve depresi\u00f3n pueden ser la causa de todos los s\u00edntomas que el reci\u00e9n nacido presenta.<\/p>\n<p style=\"text-align: justify;\">En efecto, la mayor\u00eda de los dolores y problemas que tienen los adultos, pueden presentarse en el reci\u00e9n nacido, con la principal diferencia que el beb\u00e9 no puede comunicarse con nosotros para indicarnos donde se encuentra el problema, salvo a trav\u00e9s del llanto, el movimiento, falta de apetito, regurgitaci\u00f3n, etc.<\/p>\n<p style=\"text-align: justify;\">El principal problema radica en que estas afecciones pueden limitar el desarrollo normal del reci\u00e9n nacido, marcando las etapas pr\u00f3ximas de la vida del peque\u00f1o como dec\u00edamos anteriormente.<\/p>\n<p style=\"text-align: justify;\">La osteopat\u00eda pedi\u00e1trica, ofrece un amplio abanico de posibilidades terap\u00e9uticas para diagnosticar, tratar y apoyar a los beb\u00e9s, ni\u00f1os y adolescentes en una multiplicidad de afecciones t\u00edpicas en cada etapa de su desarrollo.<\/p>\n<p style=\"text-align: justify;\">La dulzura y la calidad del tacto con que se realizan este tipo de t\u00e9cnicas, garantizan y avalan la confianza que los padres depositan en los oste\u00f3patas que nos dedicamos al tratamiento manual de estos peque\u00f1os pacientes, sus hijos.<\/p>\n<p style=\"text-align: justify;\">El enfoque osteop\u00e1tico del paciente pedi\u00e1trico se basa en la misma filosof\u00eda y principios que la osteopat\u00eda convencional.<\/p>\n<p style=\"text-align: justify;\"><a href=\"http:\/\/rdposteopata.com\/wp-content\/uploads\/2015\/10\/2012_3_27_0UuPbGH6e36m012eAFKJi2-3bf20ea16a4c38cdb4f853b2c83ce300-1333012036-60.jpg\"><img loading=\"lazy\" decoding=\"async\" class=\"wp-image-508 alignleft\" src=\"http:\/\/rdposteopata.com\/wp-content\/uploads\/2015\/10\/2012_3_27_0UuPbGH6e36m012eAFKJi2-3bf20ea16a4c38cdb4f853b2c83ce300-1333012036-60-300x300.jpg\" alt=\"Masseur massaging little baby's foot, shallow focus\" width=\"177\" height=\"177\" srcset=\"https:\/\/rdposteopata.com\/wp-content\/uploads\/2015\/10\/2012_3_27_0UuPbGH6e36m012eAFKJi2-3bf20ea16a4c38cdb4f853b2c83ce300-1333012036-60-300x300.jpg 300w, https:\/\/rdposteopata.com\/wp-content\/uploads\/2015\/10\/2012_3_27_0UuPbGH6e36m012eAFKJi2-3bf20ea16a4c38cdb4f853b2c83ce300-1333012036-60-150x150.jpg 150w, https:\/\/rdposteopata.com\/wp-content\/uploads\/2015\/10\/2012_3_27_0UuPbGH6e36m012eAFKJi2-3bf20ea16a4c38cdb4f853b2c83ce300-1333012036-60.jpg 469w\" sizes=\"(max-width: 177px) 100vw, 177px\" \/><\/a>Los oste\u00f3patas pedi\u00e1tricos utilizan la evaluaci\u00f3n neuromusculoesquel\u00e9tica, craneal, visceral y el tratamiento, todo a trav\u00e9s de la terapia manual, con el fin de identificar, tratar e intentar corregir la mec\u00e1nica estructural, craneal y visceral que no est\u00e1 funcionando de forma correcta.<\/p>\n<p style=\"text-align: justify;\">La osteopat\u00eda en reci\u00e9n nacidos y ni\u00f1os, nos permite por un lado librar al peque\u00f1o de sus dolencias y disfunciones, eliminando por tanto los s\u00edntomas, y por otro si cabe a\u00fan m\u00e1s importante, se deja que el cuerpo del ni\u00f1o se desarrolle correctamente, evitando las posibles secuelas o consecuencias de una alteraci\u00f3n en el desarrollo natural del reci\u00e9n nacido.<\/p>\n<p style=\"text-align: justify;\">Seg\u00fan el concepto osteop\u00e1tico podemos afirmar que la gran mayor\u00eda de las patolog\u00edas que sufrimos como adultos son consecuencia de una mala adaptaci\u00f3n de nuestro cuerpo los traumas sufridos a lo largo de nuestra existencia, la gran mayor\u00eda producidos a la edad temprana y que sin un tratamiento adecuado se van almacenando en nuestro cuerpo, hasta que finalmente aparecen en forma de s\u00edntoma.<\/p>\n<p style=\"text-align: justify;\">Como ejemplo tenemos que el 90% de las escoliosis infantiles son \u201cidiop\u00e1ticas\u201d, la medicina no sabe el por qu\u00e9 de esa torsi\u00f3n vertebral, para la osteopat\u00eda son la consecuencia de las torsiones producidas en el cr\u00e1neo cuando somos beb\u00e9s, siendo f\u00e1cilmente corregibles a esta edad.<\/p>\n","protected":false},"excerpt":{"rendered":"<p>\u00a0 La osteopat\u00eda infantil o pedi\u00e1trica puede ayudar tanto al reci\u00e9n nacido como a la madre con un tratamiento conservador en pr\u00e1cticamente todas las etapas del embarazo y principalmente, en&hellip;<a href=\"https:\/\/rdposteopata.com\/index.php\/osteopatia-pediatrica\/\" class=\"more-link\"><span class=\"more-button\">Continue reading<span class=\"screen-reader-text\">Osteopat\u00eda Pedi\u00e1trica<\/span><\/span><\/a><\/p>\n","protected":false},"author":1,"featured_media":0,"parent":0,"menu_order":0,"comment_status":"closed","ping_status":"open","template":"","meta":{"footnotes":""},"_links":{"self":[{"href":"https:\/\/rdposteopata.com\/index.php\/wp-json\/wp\/v2\/pages\/116"}],"collection":[{"href":"https:\/\/rdposteopata.com\/index.php\/wp-json\/wp\/v2\/pages"}],"about":[{"href":"https:\/\/rdposteopata.com\/index.php\/wp-json\/wp\/v2\/types\/page"}],"author":[{"embeddable":true,"href":"https:\/\/rdposteopata.com\/index.php\/wp-json\/wp\/v2\/users\/1"}],"replies":[{"embeddable":true,"href":"https:\/\/rdposteopata.com\/index.php\/wp-json\/wp\/v2\/comments?post=116"}],"version-history":[{"count":1,"href":"https:\/\/rdposteopata.com\/index.php\/wp-json\/wp\/v2\/pages\/116\/revisions"}],"predecessor-version":[{"id":1246,"href":"https:\/\/rdposteopata.com\/index.php\/wp-json\/wp\/v2\/pages\/116\/revisions\/1246"}],"wp:attachment":[{"href":"https:\/\/rdposteopata.com\/index.php\/wp-json\/wp\/v2\/media?parent=116"}],"curies":[{"name":"wp","href":"https:\/\/api.w.org\/{rel}","templated":true}]}}