{"id":100,"date":"2014-11-19T17:01:13","date_gmt":"2014-11-19T17:01:13","guid":{"rendered":"http:\/\/www.rdposteopata.com\/wordpress\/?page_id=100"},"modified":"2014-11-19T17:01:13","modified_gmt":"2014-11-19T17:01:13","slug":"homeopatia","status":"publish","type":"page","link":"https:\/\/rdposteopata.com\/index.php\/homeopatia\/","title":{"rendered":"Homeopat\u00eda"},"content":{"rendered":"<p class=\"wb-stl-footer\" style=\"text-align: justify;\"><a href=\"http:\/\/rdposteopata.com\/wp-content\/uploads\/2015\/10\/Homeopat\u00eda.jpg\"><img loading=\"lazy\" decoding=\"async\" class=\" wp-image-526 alignleft\" src=\"http:\/\/rdposteopata.com\/wp-content\/uploads\/2015\/10\/Homeopat\u00eda-300x121.jpg\" alt=\"Homeopat\u00eda\" width=\"355\" height=\"143\" srcset=\"https:\/\/rdposteopata.com\/wp-content\/uploads\/2015\/10\/Homeopat\u00eda-300x121.jpg 300w, https:\/\/rdposteopata.com\/wp-content\/uploads\/2015\/10\/Homeopat\u00eda-768x309.jpg 768w, https:\/\/rdposteopata.com\/wp-content\/uploads\/2015\/10\/Homeopat\u00eda-1024x412.jpg 1024w, https:\/\/rdposteopata.com\/wp-content\/uploads\/2015\/10\/Homeopat\u00eda-1568x631.jpg 1568w, https:\/\/rdposteopata.com\/wp-content\/uploads\/2015\/10\/Homeopat\u00eda.jpg 1630w\" sizes=\"(max-width: 355px) 100vw, 355px\" \/><\/a>La Homeopat\u00eda es un m\u00e9todo terap\u00e9utico que utiliza medicamentos homeop\u00e1ticos para ayudar la salud del paciente. Estos medicamentos se seleccionan de forma individual para el enfermo en funci\u00f3n de los s\u00edntomas que presente y las sensaciones o caracter\u00edsticas que nos describa.<\/p>\n<p class=\"wb-stl-footer\" style=\"text-align: justify;\">\u00a0\u00a0 Con los datos obtenidos durante la consulta al hacer el historial de la persona y aplicando la ley de Similitud. (Dr. Samuel Hahnemann, fundador de la Homeopat\u00eda, siglo XVIII), se procede a buscar el remedio o remedios que m\u00e1s acorde vayan con la persona y su dolencia.<\/p>\n<p class=\"wb-stl-footer\" style=\"text-align: justify;\">\u00a0\u00a0 La ley de similitud o ley de los semejantes dice que una sustancia capaz de producir una serie de s\u00edntomas en una persona sana es tambi\u00e9n capaz de curar s\u00edntomas semejantes en una persona enferma, administrando esa sustancia en dosis m\u00ednimas.<\/p>\n<p class=\"wb-stl-footer\" style=\"text-align: justify;\">\u00a0\u00a0 La medicina homeop\u00e1tica es indicada para tratar cualquier enfermedad ya sea aguda o cr\u00f3nica, en cualquier \u00e9poca de la vida, y pueden utilizarse como tratamiento exclusivo o puede darse junto con otras terapias.<\/p>\n<p class=\"wb-stl-footer\" style=\"text-align: justify;\">\u00a0\u00a0\u00a0 La eficacia de la Homeopat\u00eda la avalan los m\u00e1s de 200 a\u00f1os de experiencia cl\u00ednica de m\u00e9dicos home\u00f3patas de todo el mundo y los trabajos de investigaci\u00f3n que se realizan en este campo.<\/p>\n<p class=\"wb-stl-footer\" style=\"text-align: justify;\">La Homeopat\u00eda tiene dos peculiaridades que la hacen diferente de la terap\u00e9utica convencional que son el medicamento homeop\u00e1tico y la forma de prescribir el medicamento<\/p>\n","protected":false},"excerpt":{"rendered":"<p>La Homeopat\u00eda es un m\u00e9todo terap\u00e9utico que utiliza medicamentos homeop\u00e1ticos para ayudar la salud del paciente. Estos medicamentos se seleccionan de forma individual para el enfermo en funci\u00f3n de los&hellip;<a href=\"https:\/\/rdposteopata.com\/index.php\/homeopatia\/\" class=\"more-link\"><span class=\"more-button\">Continue reading<span class=\"screen-reader-text\">Homeopat\u00eda<\/span><\/span><\/a><\/p>\n","protected":false},"author":1,"featured_media":0,"parent":0,"menu_order":0,"comment_status":"open","ping_status":"open","template":"","meta":{"footnotes":""},"_links":{"self":[{"href":"https:\/\/rdposteopata.com\/index.php\/wp-json\/wp\/v2\/pages\/100"}],"collection":[{"href":"https:\/\/rdposteopata.com\/index.php\/wp-json\/wp\/v2\/pages"}],"about":[{"href":"https:\/\/rdposteopata.com\/index.php\/wp-json\/wp\/v2\/types\/page"}],"author":[{"embeddable":true,"href":"https:\/\/rdposteopata.com\/index.php\/wp-json\/wp\/v2\/users\/1"}],"replies":[{"embeddable":true,"href":"https:\/\/rdposteopata.com\/index.php\/wp-json\/wp\/v2\/comments?post=100"}],"version-history":[{"count":0,"href":"https:\/\/rdposteopata.com\/index.php\/wp-json\/wp\/v2\/pages\/100\/revisions"}],"wp:attachment":[{"href":"https:\/\/rdposteopata.com\/index.php\/wp-json\/wp\/v2\/media?parent=100"}],"curies":[{"name":"wp","href":"https:\/\/api.w.org\/{rel}","templated":true}]}}